{"id":67,"date":"2025-11-19T09:58:39","date_gmt":"2025-11-19T09:58:39","guid":{"rendered":"https:\/\/vatican-monacopatrons.com\/pavm\/?page_id=67"},"modified":"2025-11-19T13:31:22","modified_gmt":"2025-11-19T13:31:22","slug":"nos-restaurations-et-dons","status":"publish","type":"page","link":"https:\/\/vatican-monacopatrons.com\/pavm\/nos-restaurations-et-dons\/","title":{"rendered":"Restaurations"},"content":{"rendered":"<div itemprop=\"articleBody\">\n<p>\u00a0<\/p>\n<h2>Nos actions<\/h2>\n<p style=\"text-align: justify;\">Les mus\u00e9es du Vatican poss\u00e8dent une impressionnante collection d&#8217;\u0153uvres d&#8217;art. Elles couvrent plusieurs si\u00e8cles et ont besoin de soins continus et de beaucoup d&#8217;amour.<\/p>\n<p style=\"text-align: justify;\">Et les Patrons of the Vatican Museums sont l\u00e0 pour cela. Nous choisissons chaque ann\u00e9e une \u0153uvre d&#8217;art (ou plus), et finan\u00e7ons sa conservation ou sa restauration. Nous pouvons visiter les ateliers, situ\u00e9s dans les myst\u00e9rieux souterrains du Vatican. C&#8217;est une exp\u00e9rience unique.<\/p>\n<p style=\"text-align: justify;\">En pr\u00e9servant une d\u00e9monstration du talent et des r\u00e9alisations de nombreux artistes au cours des si\u00e8cles, nous faisons un grand cadeau aux g\u00e9n\u00e9rations futures. Pour cette raison, la conservation et la restauration des \u0153uvres d&#8217;art pr\u00e9sentes dans les mus\u00e9es du Vatican constituent l&#8217;action principale de notre Chapitre. Vous pouvez admirer certaines de ces r\u00e9alisations. Elles couvrent une longue p\u00e9riode de temps : du Ier si\u00e8cle (Mus\u00e9e Profane) au XXe (Salle Matisse).<\/p>\n<p style=\"text-align: justify;\">Nos \u00e9quipes de restaurateurs pr\u00e9sentes dans les mus\u00e9es sont excellentes.<\/p>\n<p>\u00a0<\/p>\n<h2>La conservation et la restauration de l&#8217;art<\/h2>\n<p style=\"text-align: justify;\">Ces deux termes comprennent toutes les actions visant \u00e0 conserver et \u00e0 r\u00e9parer l&#8217;architecture, les peintures et les dessins, les gravures, les sculptures et les objets d&#8217;arts d\u00e9coratifs (meubles, verrerie, articles m\u00e9talliques, textiles, c\u00e9ramiques, etc.) qui ont \u00e9t\u00e9 ab\u00eem\u00e9s par n\u00e9gligence, par les dommages volontaires, ou, plus g\u00e9n\u00e9ralement, par la d\u00e9gradation in\u00e9vitable des effets du temps et de l&#8217;utilisation humaine.<\/p>\n<p style=\"text-align: justify;\">Le terme \u00ab conservation de l\u2019art \u00bb d\u00e9signe le maintien et la pr\u00e9servation des \u0153uvres d&#8217;art et leur protection contre les dommages et d\u00e9t\u00e9riorations futurs.<\/p>\n<p style=\"text-align: justify;\">La \u00ab restauration de l\u2019art \u00bb, en revanche, d\u00e9signe \u00e0 la fois la r\u00e9paration ou r\u00e9novation des \u0153uvres d&#8217;art qui ont d\u00e9j\u00e0 subi un dommage ou une d\u00e9gradation, et toute tentative de restauration pour les faire revenir \u00e0 leur aspect d\u2019origine, non d\u00e9grad\u00e9. Les techniques et m\u00e9thodes de conservation et de restauration sont d\u00e9sormais indissociables. Elles sont devenues au XXe si\u00e8cle, un domaine de travail \u00e0 part enti\u00e8re des professionnels form\u00e9s. Elles sont enfin, un aspect de plus en plus important du travail des mus\u00e9es, mais aussi des autorit\u00e9s civiles et de tous ceux qui s&#8217;int\u00e9ressent aux \u0153uvres d&#8217;art, qu&#8217;ils soient artistes, collectionneurs ou amateurs de mus\u00e9es.<\/p>\n<p style=\"text-align: justify;\">Les m\u00e9thodes de restauration d&#8217;art utilis\u00e9es dans les p\u00e9riodes pr\u00e9c\u00e9dentes \u00e9taient \u00e9troitement li\u00e9es et limit\u00e9es par les techniques de production d&#8217;art connues \u00e0 l&#8217;\u00e9poque. Les progr\u00e8s de la science et de la technologie, et le d\u00e9veloppement de la conservation en tant que m\u00e9tier au XXe si\u00e8cle, ont conduit \u00e0 des approches plus s\u00fbres et plus efficaces pour l&#8217;\u00e9tude, la pr\u00e9servation et la r\u00e9paration des objets.<\/p>\n<p style=\"text-align: justify;\">La pratique moderne de la conservation adh\u00e8re au principe de r\u00e9versibilit\u00e9, selon lequel les traitements ne doivent pas causer une alt\u00e9ration permanente de l&#8217;objet. La conservation de l&#8217;art est devenue un outil de recherche important ; il est de pratique courante, chez les restaurateurs professionnels, de documenter les traitements avec des photographies et des rapports \u00e9crits.<\/p>\n<p style=\"text-align: justify;\">Il est \u00e9vident que plus le temps passe, plus les \u0153uvres d&#8217;art vieillissent et ont besoin d\u2019\u00eatre conserv\u00e9es et restaur\u00e9es.<\/p>\n<p style=\"text-align: justify;\">Dans nos mus\u00e9es du Vatican, la nature des restaurations est tr\u00e8s diversifi\u00e9e : architecture, peintures, sculptures, tissus, bijoux : il y a de tout. Et tout est un souvenir \u00e9mouvant des g\u00e9n\u00e9rations qui nous ont pr\u00e9c\u00e9d\u00e9. C&#8217;est \u00e0 nous de le pr\u00e9server.<\/p>\n<p>\u00a0<\/p>\n<p><img decoding=\"async\" src=\"https:\/\/vatican-monacopatrons.com\/pavm\/wp-content\/uploads\/2025\/11\/rest\/entratamuseoprofano.jpg\" alt=\"\" \/><br \/><sup>Entr\u00e9e du Mus\u00e9e\u00a0Profane du Vatican<\/sup><\/p>\n<p>\u00a0\u00a0<\/p>\n<p>\u00a0<\/p>\n<\/p><\/div>\n","protected":false},"excerpt":{"rendered":"<p>\u00a0 Nos actions Les mus\u00e9es du Vatican poss\u00e8dent une impressionnante collection d&#8217;\u0153uvres d&#8217;art. Elles couvrent plusieurs si\u00e8cles et ont besoin de soins continus et de beaucoup d&#8217;amour. Et les Patrons of the Vatican Museums sont l\u00e0 pour cela. Nous choisissons chaque ann\u00e9e une \u0153uvre d&#8217;art (ou plus), et finan\u00e7ons sa conservation ou sa restauration. Nous [&hellip;]<\/p>\n","protected":false},"author":1,"featured_media":0,"parent":0,"menu_order":0,"comment_status":"closed","ping_status":"closed","template":"","meta":{"footnotes":""},"class_list":["post-67","page","type-page","status-publish","hentry"],"_links":{"self":[{"href":"https:\/\/vatican-monacopatrons.com\/pavm\/wp-json\/wp\/v2\/pages\/67","targetHints":{"allow":["GET"]}}],"collection":[{"href":"https:\/\/vatican-monacopatrons.com\/pavm\/wp-json\/wp\/v2\/pages"}],"about":[{"href":"https:\/\/vatican-monacopatrons.com\/pavm\/wp-json\/wp\/v2\/types\/page"}],"author":[{"embeddable":true,"href":"https:\/\/vatican-monacopatrons.com\/pavm\/wp-json\/wp\/v2\/users\/1"}],"replies":[{"embeddable":true,"href":"https:\/\/vatican-monacopatrons.com\/pavm\/wp-json\/wp\/v2\/comments?post=67"}],"version-history":[{"count":4,"href":"https:\/\/vatican-monacopatrons.com\/pavm\/wp-json\/wp\/v2\/pages\/67\/revisions"}],"predecessor-version":[{"id":108,"href":"https:\/\/vatican-monacopatrons.com\/pavm\/wp-json\/wp\/v2\/pages\/67\/revisions\/108"}],"wp:attachment":[{"href":"https:\/\/vatican-monacopatrons.com\/pavm\/wp-json\/wp\/v2\/media?parent=67"}],"curies":[{"name":"wp","href":"https:\/\/api.w.org\/{rel}","templated":true}]}}