{"id":65,"date":"2025-11-19T09:57:47","date_gmt":"2025-11-19T09:57:47","guid":{"rendered":"https:\/\/vatican-monacopatrons.com\/pavm\/?page_id=65"},"modified":"2025-11-19T13:51:40","modified_gmt":"2025-11-19T13:51:40","slug":"news","status":"publish","type":"page","link":"https:\/\/vatican-monacopatrons.com\/pavm\/news\/","title":{"rendered":"News"},"content":{"rendered":"<div itemprop=\"articleBody\">\n<h3><b>Visite au Vatican<b><\/p>\n<h3>\n<p>Un groupe de membres de notre chapitre a eu le privil\u00e8ge d&#8217;une visite priv\u00e9e des Mus\u00e9es du Vatican, accueilli avec une grande cordialit\u00e9 par la directrice des Mus\u00e9es, Barbara Jatta et par le Directeur International Monseigneur Terence Hogan.<br \/>\nLa transition vers la salle Matisse a \u00e9t\u00e9 \u00e9mouvante. Le conservateur Micol Forti a accueilli les visiteurs en expliquant l&#8217;importance de cet espace, restaur\u00e9 gr\u00e2ce \u00e0 notre pr\u00e9sident.<br \/>\nLes chambres de Rapha\u00ebl constituaient une autre \u00e9tape importante de la vue.<br \/>\nLa Chapelle Sixtine, ouverte sp\u00e9cialement pour nous, nous a offert un moment incomparable avec les fresques de Michel-Ange.<br \/>\nLa soir\u00e9e s&#8217;est termin\u00e9e par un magnifique d\u00eener \u00e0 la Galerie des Bustes et des Sculptures.   <b>>>> <a href=\"https:\/\/vatican-monacopatrons.com\/pavm\/visite-au-vatican\/\">Lire la suite<\/a><\/b>\n\t\t\t<\/p>\n<div class=\"center-div\">\n\t   <img decoding=\"async\" src=\"https:\/\/vatican-monacopatrons.com\/pavm\/wp-content\/uploads\/2025\/11\/PAVM.jpg\" alt=\"\" style=\"text-align:center\"\/><\/p>\n<p style=\"font-size:12.16px;\">Le groupe autour de Liana Marabini est accueilli par Barbara Jatta et Mgr. Terence Hogan.<\/p>\n<\/p><\/div>\n<hr>\n<h3><b><img decoding=\"async\" src=\"https:\/\/vatican-monacopatrons.com\/pavm\/wp-content\/uploads\/2025\/11\/Secrets-du-Vatican.jpg\" alt=\"\" \/><\/b><\/h3>\n<hr \/>\n<h3><b>An interview with Liana Marabini explains what it means being a patron of the arts, here:<\/b><\/h3>\n<p style=\"font-size: 12.16px;\"><a href=\"https:\/\/www.patronsvaticanmuseums.org\/en\/about-us\/members-spotlights\/liana-marabini\">https:\/\/www.patronsvaticanmuseums.org\/en\/about-us\/members-spotlights\/liana-marabini<\/a><\/p>\n<p style=\"font-size: 12.16px;\"><a href=\"https:\/\/vatican-monacopatrons.com\/pavm\/wp-content\/uploads\/2025\/11\/LianaMarabiniInterview.pdf\" target=\"_new\"><img loading=\"lazy\" decoding=\"async\" src=\"https:\/\/vatican-monacopatrons.com\/pavm\/wp-content\/uploads\/2025\/11\/pdf.png\" alt=\"\" width=\"60\" height=\"74\" \/><\/a><\/p>\n<h2><b>\u00a0<\/b><\/h2>\n<h3><b>A new donation has been made by our Chapter to the Vatican Museums: a documentary about the union that exists between the patrons of the arts and the Master restorers. Thanks to both these categories the pontifical collections are promoted, restored and conserved through the centuries for future generations.\u00a0<\/b><\/h3>\n<p style=\"font-size: 12.16px;\">Trailer here:\u00a0<a href=\"https:\/\/vimeo.com\/566647731\">https:\/\/vimeo.com\/566647731<\/a><\/p>\n<hr \/>\n<h2><strong>Article paru dans le New York Times (en anglais)<\/strong><\/h2>\n<h3><strong>A Woman Now Leads the Vatican Museums. And She\u2019s Shaking Things Up.<\/strong><\/h3>\n<p style=\"text-align: justify;\">VATICAN CITY \u2014 Vatican City has been governed by men since it was established as an independent state in 1929. A year ago, however, a woman joined the upper ranks: Barbara Jatta, the first female director of the Vatican Museums.<\/p>\n<p>In the 12 months since her appointment, Ms. Jatta has put her stamp on the role, resisting some of her predecessor\u2019s initiatives and forging her own path.<\/p>\n<p><a href=\"https:\/\/www.nytimes.com\/2017\/12\/24\/arts\/design\/vatican-museums-jatta.html?hp&amp;action=click&amp;pgtype=Homepage&amp;clickSource=story-heading&amp;module=second-column-region&amp;region=top-news&amp;WT.nav=top-news\" target=\"_blank\">[read more&#8230;]<\/a><\/p>\n<p>\u00a0<\/p>\n<p><img decoding=\"async\" src=\"https:\/\/vatican-monacopatrons.com\/pavm\/wp-content\/uploads\/2025\/11\/LIANA_BARBARA.jpg\" alt=\"\" \/><\/p>\n<p><sup>Liana Marabini et Barbara Jatta, directrice des Mus\u00e9es du Vatican.<\/sup><\/p>\n<\/p><\/div>\n","protected":false},"excerpt":{"rendered":"<p>Visite au Vatican Un groupe de membres de notre chapitre a eu le privil\u00e8ge d&#8217;une visite priv\u00e9e des Mus\u00e9es du Vatican, accueilli avec une grande cordialit\u00e9 par la directrice des Mus\u00e9es, Barbara Jatta et par le Directeur International Monseigneur Terence Hogan. La transition vers la salle Matisse a \u00e9t\u00e9 \u00e9mouvante. Le conservateur Micol Forti a [&hellip;]<\/p>\n","protected":false},"author":1,"featured_media":0,"parent":0,"menu_order":0,"comment_status":"closed","ping_status":"closed","template":"","meta":{"footnotes":""},"class_list":["post-65","page","type-page","status-publish","hentry"],"_links":{"self":[{"href":"https:\/\/vatican-monacopatrons.com\/pavm\/wp-json\/wp\/v2\/pages\/65","targetHints":{"allow":["GET"]}}],"collection":[{"href":"https:\/\/vatican-monacopatrons.com\/pavm\/wp-json\/wp\/v2\/pages"}],"about":[{"href":"https:\/\/vatican-monacopatrons.com\/pavm\/wp-json\/wp\/v2\/types\/page"}],"author":[{"embeddable":true,"href":"https:\/\/vatican-monacopatrons.com\/pavm\/wp-json\/wp\/v2\/users\/1"}],"replies":[{"embeddable":true,"href":"https:\/\/vatican-monacopatrons.com\/pavm\/wp-json\/wp\/v2\/comments?post=65"}],"version-history":[{"count":5,"href":"https:\/\/vatican-monacopatrons.com\/pavm\/wp-json\/wp\/v2\/pages\/65\/revisions"}],"predecessor-version":[{"id":132,"href":"https:\/\/vatican-monacopatrons.com\/pavm\/wp-json\/wp\/v2\/pages\/65\/revisions\/132"}],"wp:attachment":[{"href":"https:\/\/vatican-monacopatrons.com\/pavm\/wp-json\/wp\/v2\/media?parent=65"}],"curies":[{"name":"wp","href":"https:\/\/api.w.org\/{rel}","templated":true}]}}