{"id":128,"date":"2025-11-19T13:49:01","date_gmt":"2025-11-19T13:49:01","guid":{"rendered":"https:\/\/vatican-monacopatrons.com\/pavm\/?page_id=128"},"modified":"2025-11-19T13:49:01","modified_gmt":"2025-11-19T13:49:01","slug":"visite-au-vatican","status":"publish","type":"page","link":"https:\/\/vatican-monacopatrons.com\/pavm\/visite-au-vatican\/","title":{"rendered":"Visite au Vatican"},"content":{"rendered":"<div itemprop=\"articleBody\">\n<p>Un groupe de membres de notre chapitre a eu le privil\u00e8ge d&#8217;une visite priv\u00e9e des Mus\u00e9es du Vatican, accueilli avec une grande cordialit\u00e9 par la directrice des Mus\u00e9es, Barbara Jatta et par le Directeur International Monseigneur Terence Hogan.<br \/>\nLa transition vers la salle Matisse a \u00e9t\u00e9 \u00e9mouvante. Le conservateur Micol Forti a accueilli les visiteurs en expliquant l&#8217;importance de cet espace, restaur\u00e9 gr\u00e2ce \u00e0 notre pr\u00e9sident.<br \/>\nLes chambres de Rapha\u00ebl constituaient une autre \u00e9tape importante de la vue.<br \/>\nLa Chapelle Sixtine, ouverte sp\u00e9cialement pour nous, nous a offert un moment incomparable avec les fresques de Michel-Ange.<br \/>\nLa soir\u00e9e s&#8217;est termin\u00e9e par un magnifique d\u00eener \u00e0 la Galerie des Bustes et des Sculptures.\n\t\t\t<\/p>\n<div class=\"center-div\">\n\t   <img decoding=\"async\" src=\"https:\/\/vatican-monacopatrons.com\/pavm\/wp-content\/uploads\/2025\/11\/PAVM.jpg\" alt=\"\" style=\"text-align:center\"\/><\/p>\n<p style=\"font-size:12.16px;\">Le groupe autour de Liana Marabini est accueilli par Barbara Jatta et Mgr. Terence Hogan.<\/p>\n<p>\t   <img decoding=\"async\" src=\"https:\/\/vatican-monacopatrons.com\/pavm\/wp-content\/uploads\/2025\/11\/IMG_9166.jpg\" alt=\"\" \/><\/p>\n<p style=\"font-size:12.16px;\">Liana Marabini in one of the galleries.<\/p>\n<p>\t   <img decoding=\"async\" src=\"https:\/\/vatican-monacopatrons.com\/pavm\/wp-content\/uploads\/2025\/11\/IMG_5080.jpg\" alt=\"\" class=\"center\" \/><\/p>\n<p style=\"font-size:12.16px;\">Le d\u00eener.<\/p>\n<p>\t   <img decoding=\"async\" src=\"https:\/\/vatican-monacopatrons.com\/pavm\/wp-content\/uploads\/2025\/11\/IMG_20241112_202701.jpg\" alt=\"\" class=\"center\" \/><\/p>\n<p style=\"font-size:12.16px;\">Le d\u00eener.<\/p>\n<p>\t   <img decoding=\"async\" src=\"https:\/\/vatican-monacopatrons.com\/pavm\/wp-content\/uploads\/2025\/11\/IMG_5071%20copie.jpg\" alt=\"\" class=\"center\" \/><\/p>\n<p style=\"font-size:12.16px;\">Le d\u00eener.<\/p>\n<p>\t   <img decoding=\"async\" src=\"https:\/\/vatican-monacopatrons.com\/pavm\/wp-content\/uploads\/2025\/11\/f0cc285e-24ff-4892-9f4f-e19f93062688.jpg\" alt=\"\" class=\"center\" \/><\/p>\n<p style=\"font-size:12.16px;\">Le Vatican la nuit.\n<\/p>\n<p>\t   <img decoding=\"async\" src=\"https:\/\/vatican-monacopatrons.com\/pavm\/wp-content\/uploads\/2025\/11\/IMG_5065.jpg\" alt=\"\" class=\"center\" \/><\/p>\n<p style=\"font-size:12.16px;\"> Fran\u00e7ois Jacquot dans la Chapelle Sixtine.<\/p>\n<p>\t   <img decoding=\"async\" src=\"https:\/\/vatican-monacopatrons.com\/pavm\/wp-content\/uploads\/2025\/11\/vatican_diner.jpg\" alt=\"\"  \/><\/p>\n<p style=\"font-size:12.16px;\"> Maria Bologna, Liana Marabini and Simona Serboraria.<\/p>\n<p>\t   <img decoding=\"async\" src=\"https:\/\/vatican-monacopatrons.com\/pavm\/wp-content\/uploads\/2025\/11\/IMG_20241112_185640.jpg\" alt=\"\" class=\"center\" \/><\/p>\n<p style=\"font-size:12.16px;\"> Liana et Mauro Marabini dans la Chapelle Sixtine.<\/p>\n<tr>\n<td>\n\t   <img decoding=\"async\" src=\"https:\/\/vatican-monacopatrons.com\/pavm\/wp-content\/uploads\/2025\/11\/lianamarabini.jpg\" alt=\"\"  \/><\/p>\n<p style=\"font-size:12.16px;\"> Liana Marabini dans la Chapelle Sixtine.<\/p>\n<\/td>\n<td>\n\t   <img decoding=\"async\" src=\"https:\/\/vatican-monacopatrons.com\/pavm\/wp-content\/uploads\/2025\/11\/chapelle.jpg\" alt=\"\"  \/><\/p>\n<p style=\"font-size:12.16px;\"> Chapelle Sixtine.<\/p>\n<\/td>\n<\/tr>\n<p>\t   <img decoding=\"async\" src=\"https:\/\/vatican-monacopatrons.com\/pavm\/wp-content\/uploads\/2025\/11\/IMG_20241112_184628.jpg\" alt=\"\" class=\"center\" \/><\/p>\n<p style=\"font-size:12.16px;\">Chapelle Sixtine.<\/p>\n<p>\t   <img decoding=\"async\" src=\"https:\/\/vatican-monacopatrons.com\/pavm\/wp-content\/uploads\/2025\/11\/IMG_20241112_193314_1.jpg\" alt=\"\" class=\"center\" \/><\/p>\n<p style=\"font-size:12.16px;\"> Le groupe dans la Sallle Matisse, avec Micol Forti, curator of the Collection of modern and contemporary art.<\/p>\n<\/p><\/div>\n<hr><\/div>\n","protected":false},"excerpt":{"rendered":"<p>Un groupe de membres de notre chapitre a eu le privil\u00e8ge d&#8217;une visite priv\u00e9e des Mus\u00e9es du Vatican, accueilli avec une grande cordialit\u00e9 par la directrice des Mus\u00e9es, Barbara Jatta et par le Directeur International Monseigneur Terence Hogan. La transition vers la salle Matisse a \u00e9t\u00e9 \u00e9mouvante. Le conservateur Micol Forti a accueilli les visiteurs [&hellip;]<\/p>\n","protected":false},"author":1,"featured_media":0,"parent":0,"menu_order":0,"comment_status":"closed","ping_status":"closed","template":"","meta":{"footnotes":""},"class_list":["post-128","page","type-page","status-publish","hentry"],"_links":{"self":[{"href":"https:\/\/vatican-monacopatrons.com\/pavm\/wp-json\/wp\/v2\/pages\/128","targetHints":{"allow":["GET"]}}],"collection":[{"href":"https:\/\/vatican-monacopatrons.com\/pavm\/wp-json\/wp\/v2\/pages"}],"about":[{"href":"https:\/\/vatican-monacopatrons.com\/pavm\/wp-json\/wp\/v2\/types\/page"}],"author":[{"embeddable":true,"href":"https:\/\/vatican-monacopatrons.com\/pavm\/wp-json\/wp\/v2\/users\/1"}],"replies":[{"embeddable":true,"href":"https:\/\/vatican-monacopatrons.com\/pavm\/wp-json\/wp\/v2\/comments?post=128"}],"version-history":[{"count":1,"href":"https:\/\/vatican-monacopatrons.com\/pavm\/wp-json\/wp\/v2\/pages\/128\/revisions"}],"predecessor-version":[{"id":129,"href":"https:\/\/vatican-monacopatrons.com\/pavm\/wp-json\/wp\/v2\/pages\/128\/revisions\/129"}],"wp:attachment":[{"href":"https:\/\/vatican-monacopatrons.com\/pavm\/wp-json\/wp\/v2\/media?parent=128"}],"curies":[{"name":"wp","href":"https:\/\/api.w.org\/{rel}","templated":true}]}}