{"id":121,"date":"2025-11-19T13:42:32","date_gmt":"2025-11-19T13:42:32","guid":{"rendered":"https:\/\/vatican-monacopatrons.com\/pavm\/?page_id=121"},"modified":"2025-11-19T13:43:16","modified_gmt":"2025-11-19T13:43:16","slug":"reservations-2020","status":"publish","type":"page","link":"https:\/\/vatican-monacopatrons.com\/pavm\/reservations-2020\/","title":{"rendered":"R\u00e9servations 2019"},"content":{"rendered":"<div itemprop=\"articleBody\">\n<p>\u00a0\u00a0<\/p>\n<h2>Notre projet de restauration pour 2019 :\u00a0<\/h2>\n<p style=\"font-size: 12.16px;\"><em style=\"font-size: 12.16px;\"><strong>Virgo Virtutum<\/strong>\u00a0&#8211;\u00a0<\/em>Vierge de l\u2019Enfantement<\/p>\n<p style=\"font-size: 12.16px;\">Artiste: Inconnu (Florence, XIIIe si\u00e8cle)<br \/>Date: ca. 1375 &#8211; 1380<br \/>Dimensions: 106,5 x 58,5 cm<br \/>Mat\u00e9riaux: Tempera et or sur bois<br \/>Num\u00e9ro d&#8217;inventaire: 40520<\/p>\n<p style=\"font-size: 12.16px;\"><span style=\"font-size: 12.16px;\">\u00a0<img loading=\"lazy\" decoding=\"async\" style=\"font-size: 12.16px;\" src=\"https:\/\/vatican-monacopatrons.com\/pavm\/wp-content\/uploads\/2025\/11\/VIRGO_VIRTUTEM.jpg\" alt=\"\" width=\"480\" height=\"841\" \/><\/span><\/p>\n<p style=\"font-size: 12.16px;\">Etat de conservation:<\/p>\n<p style=\"font-size: 12.16px;\">Le panneau en bois pr\u00e9sente plusieurs fissures et trous (dus \u00e0 la pr\u00e9sence d&#8217;insectes) et le cadre d&#8217;origine est dans des conditions tr\u00e8s fragiles. La couleur s\u2019est d\u00e9tach\u00e9e dans plusiers zones sur la surface peinte. Toute la surface est recouverte de poussi\u00e8re et de d\u00e9bris.<\/p>\n<p style=\"font-size: 12.16px;\">\u00a0<\/p>\n<p style=\"font-size: 12.16px;\">Processus de restauration:<\/p>\n<p style=\"font-size: 12.16px;\">\u2022 Traitement par anoxie<\/p>\n<p style=\"font-size: 12.16px;\">\u2022 Consolidation du panneau en bois<\/p>\n<p style=\"font-size: 12.16px;\">\u2022 Restauration du cadre<\/p>\n<p style=\"font-size: 12.16px;\">\u2022 Nettoyage et consolidation de la surface peinte<\/p>\n<p style=\"font-size: 12.16px;\">\u2022 Cr\u00e9ation et mise en place d&#8217;un nouveau support pour les travaux permettant la conservation de la peinture et du cadre<\/p>\n<p style=\"font-size: 12.16px;\">\u2022 Retouche esth\u00e9tique de la surface peinte<\/p>\n<p style=\"font-size: 12.16px;\">\u2022 Application de vernis de protection<\/p>\n<p style=\"font-size: 12.16px;\">\u2022 Documentation photographique<\/p>\n<p style=\"font-size: 12.16px;\"><span style=\"font-size: 12.16px;\"><span style=\"font-size: 12.16px;\"><img loading=\"lazy\" decoding=\"async\" style=\"font-size: 12.16px;\" src=\"https:\/\/vatican-monacopatrons.com\/pavm\/wp-content\/uploads\/2025\/11\/LM_WITH_VIRGO.jpg\" alt=\"\" width=\"580\" height=\"326\" \/>\u00a0<\/span><br \/><sup>Liana Marabini lors de sa r\u00e9cente visite\u00a0aux\u00a0laboratoires de restauration des mus\u00e9es du Vatican. Ici, avec la peinture de <em>La Vierge de l\u2019Enfantement<\/em>.<\/sup><br \/><\/span><\/p>\n<p style=\"font-size: 12.16px;\"><span style=\"font-size: 12.16px;\"><img loading=\"lazy\" decoding=\"async\" src=\"https:\/\/vatican-monacopatrons.com\/pavm\/wp-content\/uploads\/2025\/11\/LM_WITH_TAPESTRY_LEONARDO.jpg\" alt=\"\" width=\"780\" height=\"438\" \/><\/span><br \/><sup>Et ici devant la tapisserie de la C\u00e8ne de L\u00e9onard de Vinci.<\/sup><\/p>\n<p style=\"font-size: 12.16px;\">\u00a0<\/p>\n<p>\u00a0<\/p>\n<p>\u00a0<\/p>\n<\/p><\/div>\n","protected":false},"excerpt":{"rendered":"<p>\u00a0\u00a0 Notre projet de restauration pour 2019 :\u00a0 Virgo Virtutum\u00a0&#8211;\u00a0Vierge de l\u2019Enfantement Artiste: Inconnu (Florence, XIIIe si\u00e8cle)Date: ca. 1375 &#8211; 1380Dimensions: 106,5 x 58,5 cmMat\u00e9riaux: Tempera et or sur boisNum\u00e9ro d&#8217;inventaire: 40520 \u00a0 Etat de conservation: Le panneau en bois pr\u00e9sente plusieurs fissures et trous (dus \u00e0 la pr\u00e9sence d&#8217;insectes) et le cadre d&#8217;origine est [&hellip;]<\/p>\n","protected":false},"author":1,"featured_media":0,"parent":0,"menu_order":0,"comment_status":"closed","ping_status":"closed","template":"","meta":{"footnotes":""},"class_list":["post-121","page","type-page","status-publish","hentry"],"_links":{"self":[{"href":"https:\/\/vatican-monacopatrons.com\/pavm\/wp-json\/wp\/v2\/pages\/121","targetHints":{"allow":["GET"]}}],"collection":[{"href":"https:\/\/vatican-monacopatrons.com\/pavm\/wp-json\/wp\/v2\/pages"}],"about":[{"href":"https:\/\/vatican-monacopatrons.com\/pavm\/wp-json\/wp\/v2\/types\/page"}],"author":[{"embeddable":true,"href":"https:\/\/vatican-monacopatrons.com\/pavm\/wp-json\/wp\/v2\/users\/1"}],"replies":[{"embeddable":true,"href":"https:\/\/vatican-monacopatrons.com\/pavm\/wp-json\/wp\/v2\/comments?post=121"}],"version-history":[{"count":2,"href":"https:\/\/vatican-monacopatrons.com\/pavm\/wp-json\/wp\/v2\/pages\/121\/revisions"}],"predecessor-version":[{"id":123,"href":"https:\/\/vatican-monacopatrons.com\/pavm\/wp-json\/wp\/v2\/pages\/121\/revisions\/123"}],"wp:attachment":[{"href":"https:\/\/vatican-monacopatrons.com\/pavm\/wp-json\/wp\/v2\/media?parent=121"}],"curies":[{"name":"wp","href":"https:\/\/api.w.org\/{rel}","templated":true}]}}