{"id":114,"date":"2025-11-19T13:37:34","date_gmt":"2025-11-19T13:37:34","guid":{"rendered":"https:\/\/vatican-monacopatrons.com\/pavm\/?page_id=114"},"modified":"2025-11-19T13:39:24","modified_gmt":"2025-11-19T13:39:24","slug":"restaurations-2020","status":"publish","type":"page","link":"https:\/\/vatican-monacopatrons.com\/pavm\/restaurations-2020\/","title":{"rendered":"Restaurations 2020"},"content":{"rendered":"<div itemprop=\"articleBody\">\n<p>\u00a0<\/p>\n<h2>Notre\u00a0projet de restauration\u00a0pour 2020 :\u00a0\u00a0<\/h2>\n<p style=\"font-size: 12.16px;\">Nous sommes heureux de vous annoncer que notre projet de restauration de 2020 (<span style=\"font-size: 12.16px;\">Statue\u00a0<\/span><span style=\"font-size: 12.16px;\">Arianna Valentini, <\/span><span style=\"font-size: 12.16px;\">\u00e0<\/span><span style=\"font-size: 12.16px;\"> Castel Gandolfo) est termin\u00e9.<\/span><\/p>\n<p style=\"font-size: 12.16px;\">Nos\u00a0restaurateurs\u00a0ont r\u00e9alis\u00e9 un travail merveilleux, et nous sommes fiers du r\u00e9sultat.\u00a0Surtout en ces temps de pand\u00e9mie, il est tr\u00e8s important des les aider\u00a0en leur confiant des oeuvres\u00a0\u00e0 restaurer.<\/p>\n<p style=\"font-size: 12.16px;\"><img loading=\"lazy\" decoding=\"async\" src=\"https:\/\/vatican-monacopatrons.com\/pavm\/wp-content\/uploads\/2025\/11\/Arianna1.png\" alt=\"\" width=\"350\" height=\"523\" \/><br \/><sup>R\u00e9sultat\u00a0final<\/sup><\/p>\n<p style=\"font-size: 12.16px;\"><span style=\"font-size: 12.16px;\"><img decoding=\"async\" src=\"https:\/\/vatican-monacopatrons.com\/pavm\/wp-content\/uploads\/2025\/11\/Arianna2.png\" alt=\"\" \/><\/span><br \/><sup><span style=\"font-size: 10.1333px;\">Berlin,\u00a0r<\/span><span style=\"font-size: 10.1333px;\">\u00e9plique romaine de la statue Aphrodite Urania de Phidias<\/span><\/sup><\/p>\n<p style=\"font-size: 12.16px;\"><img decoding=\"async\" src=\"..\/https:\/\/vatican-monacopatrons.com\/pavm\/wp-content\/uploads\/2025\/11\/Arianna3.png\" alt=\"\" \/><br \/><sup>La\u00a0statue d&#8217;Arianne\u00a0recouverte pl\u00e2tre<\/sup><\/p>\n<p style=\"font-size: 12.16px;\"><img loading=\"lazy\" decoding=\"async\" src=\"https:\/\/vatican-monacopatrons.com\/pavm\/wp-content\/uploads\/2025\/11\/Arianna4.png\" alt=\"\" width=\"350\" height=\"466\" \/><\/p>\n<p style=\"font-size: 12.16px;\"><img loading=\"lazy\" decoding=\"async\" src=\"https:\/\/vatican-monacopatrons.com\/pavm\/wp-content\/uploads\/2025\/11\/Arianna5.png\" alt=\"\" width=\"349\" height=\"465\" \/><br \/><span style=\"font-size: 10.1333px;\">La<\/span><span style=\"font-size: 10.1333px;\">\u00a0sculpture en cours de restauration<\/span><\/p>\n<p style=\"font-size: 12.16px;\"><img loading=\"lazy\" decoding=\"async\" src=\"https:\/\/vatican-monacopatrons.com\/pavm\/wp-content\/uploads\/2025\/11\/Arianna6.png\" alt=\"\" width=\"350\" height=\"262\" \/><br \/><span style=\"font-size: 10.1333px;\">La\u00a0sculpture en cours de restauration<\/span><\/p>\n<p style=\"font-size: 12.16px;\"><span style=\"font-size: 10.1333px;\"><img loading=\"lazy\" decoding=\"async\" src=\"https:\/\/vatican-monacopatrons.com\/pavm\/wp-content\/uploads\/2025\/11\/Arianna7-before.png\" alt=\"\" width=\"350\" height=\"737\" \/><br \/><sup>Avant&#8230;<\/sup><\/span><\/p>\n<p style=\"font-size: 12.16px;\"><img loading=\"lazy\" decoding=\"async\" src=\"https:\/\/vatican-monacopatrons.com\/pavm\/wp-content\/uploads\/2025\/11\/Arianna7-after.png\" alt=\"\" width=\"350\" height=\"722\" \/><br \/><sup>&#8230;apr\u00e8s<\/sup><\/p>\n<p style=\"font-size: 12.16px;\">Vous pouvez consulter le rapport de restauration complet ici.<\/p>\n<p style=\"font-size: 12.16px;\"><a style=\"font-size: 12.16px;\" href=\"https:\/\/vatican-monacopatrons.com\/pavm\/wp-content\/uploads\/2025\/11\/ReportArianna.pdf\" target=\"_blank\"><img loading=\"lazy\" decoding=\"async\" src=\"https:\/\/vatican-monacopatrons.com\/pavm\/wp-content\/uploads\/2025\/11\/pdf.png\" alt=\"\" width=\"47\" height=\"58\" \/><\/a><\/p>\n<p style=\"font-size: 12.16px;\">\u00a0<\/p>\n<p style=\"font-family: Tahoma, Helvetica, Arial, sans-serif; font-size: 12.16px;\">Cette ann\u00e9e nous avons financ\u00e9\u00a0la restauration d&#8217;une merveilleuse statue\u00a0appel\u00e9e\u00a0\u201c<strong>Arianna Valentini<\/strong>\u201c, une copie romaine de la version originale grecque\u00a0datant du\u00a0IV\u00a0si\u00e8cle\u00a0av. J.-C.\u00a0<br \/>C&#8217;est une oeuvre monumentale (2,30 m\u00e8tres) en marbre grec, d\u00e9couverte entre 1930\u00a0et 1932, durant les travaux\u00a0de restauration de la Villa Barberini, \u00e0 Castelgandolfo.<\/p>\n<p style=\"font-family: Tahoma, Helvetica, Arial, sans-serif; font-size: 12.16px;\">Elle appartient aux Mus\u00e9es du Vatican et se trouve dans la r\u00e9sidence d&#8217;\u00e9t\u00e9 du Saint-P\u00e8re,\u00a0\u00e0 Castelgandolfo.<\/p>\n<p style=\"font-family: Tahoma, Helvetica, Arial, sans-serif; font-size: 12.16px;\"><img decoding=\"async\" src=\"https:\/\/vatican-monacopatrons.com\/pavm\/wp-content\/uploads\/2025\/11\/Arianna_Valentini.jpg\" alt=\"\" width=\"33%\" height=\"33%\" \/>\u00a0<br \/><sup>Image de la\u00a0statue<\/sup><\/p>\n<p style=\"font-family: Tahoma, Helvetica, Arial, sans-serif; font-size: 12.16px;\"><img decoding=\"async\" src=\"https:\/\/vatican-monacopatrons.com\/pavm\/wp-content\/uploads\/2025\/11\/Arianna.jpg\" alt=\"\" width=\"33%\" height=\"33%\" \/><br \/><sup>D\u00e9tail de la\u00a0statue avec une partie\u00a0nettoy\u00e9e<\/sup><\/p>\n<p style=\"font-family: Tahoma, Helvetica, Arial, sans-serif; font-size: 12.16px;\"><a href=\"https:\/\/vatican-monacopatrons.com\/pavm\/wp-content\/uploads\/2025\/11\/Arianna_Valentini_Scheda_tecnica.pdf\" target=\"_blank\"><img loading=\"lazy\" decoding=\"async\" src=\"https:\/\/vatican-monacopatrons.com\/pavm\/wp-content\/uploads\/2025\/11\/pdf.png\" alt=\"\" width=\"50\" height=\"50\" \/>\u00a0D\u00e9tails techniques<\/a><\/p>\n<p>\u00a0<\/p>\n<h2>\u00a0<\/h2>\n<p>\u00a0<\/p>\n<\/p><\/div>\n","protected":false},"excerpt":{"rendered":"<p>\u00a0 Notre\u00a0projet de restauration\u00a0pour 2020 :\u00a0\u00a0 Nous sommes heureux de vous annoncer que notre projet de restauration de 2020 (Statue\u00a0Arianna Valentini, \u00e0 Castel Gandolfo) est termin\u00e9. Nos\u00a0restaurateurs\u00a0ont r\u00e9alis\u00e9 un travail merveilleux, et nous sommes fiers du r\u00e9sultat.\u00a0Surtout en ces temps de pand\u00e9mie, il est tr\u00e8s important des les aider\u00a0en leur confiant des oeuvres\u00a0\u00e0 restaurer. R\u00e9sultat\u00a0final [&hellip;]<\/p>\n","protected":false},"author":1,"featured_media":0,"parent":0,"menu_order":0,"comment_status":"closed","ping_status":"closed","template":"","meta":{"footnotes":""},"class_list":["post-114","page","type-page","status-publish","hentry"],"_links":{"self":[{"href":"https:\/\/vatican-monacopatrons.com\/pavm\/wp-json\/wp\/v2\/pages\/114","targetHints":{"allow":["GET"]}}],"collection":[{"href":"https:\/\/vatican-monacopatrons.com\/pavm\/wp-json\/wp\/v2\/pages"}],"about":[{"href":"https:\/\/vatican-monacopatrons.com\/pavm\/wp-json\/wp\/v2\/types\/page"}],"author":[{"embeddable":true,"href":"https:\/\/vatican-monacopatrons.com\/pavm\/wp-json\/wp\/v2\/users\/1"}],"replies":[{"embeddable":true,"href":"https:\/\/vatican-monacopatrons.com\/pavm\/wp-json\/wp\/v2\/comments?post=114"}],"version-history":[{"count":3,"href":"https:\/\/vatican-monacopatrons.com\/pavm\/wp-json\/wp\/v2\/pages\/114\/revisions"}],"predecessor-version":[{"id":119,"href":"https:\/\/vatican-monacopatrons.com\/pavm\/wp-json\/wp\/v2\/pages\/114\/revisions\/119"}],"wp:attachment":[{"href":"https:\/\/vatican-monacopatrons.com\/pavm\/wp-json\/wp\/v2\/media?parent=114"}],"curies":[{"name":"wp","href":"https:\/\/api.w.org\/{rel}","templated":true}]}}